{"id":84,"date":"2023-12-27T18:01:52","date_gmt":"2023-12-27T17:01:52","guid":{"rendered":"https:\/\/zonnedda-casula.it\/?page_id=84"},"modified":"2025-09-05T17:09:40","modified_gmt":"2025-09-05T15:09:40","slug":"84-2","status":"publish","type":"page","link":"https:\/\/zonnedda-casula.it\/","title":{"rendered":"Home"},"content":{"rendered":"\n[et_pb_section fb_built=\u00a0\u00bb1&Prime; admin_label=\u00a0\u00bbHeader\u00a0\u00bb _builder_version=\u00a0\u00bb4.23.1&Prime; _module_preset=\u00a0\u00bbdefault\u00a0\u00bb background_color=\u00a0\u00bbgcid-5aa9ce6a-8a5e-4347-973a-c6b91f603234&Prime; vertical_offset=\u00a0\u00bb0px\u00a0\u00bb min_height=\u00a0\u00bb47vh\u00a0\u00bb collapsed=\u00a0\u00bbon\u00a0\u00bb global_colors_info=\u00a0\u00bb{%22gcid-5aa9ce6a-8a5e-4347-973a-c6b91f603234%22:%91%22background_color%22%93}\u00a0\u00bb][et_pb_row column_structure=\u00a0\u00bb1_2,1_2&Prime; use_custom_gutter=\u00a0\u00bbon\u00a0\u00bb _builder_version=\u00a0\u00bb4.23.1&Prime; _module_preset=\u00a0\u00bbdefault\u00a0\u00bb width=\u00a0\u00bb100%\u00a0\u00bb width_tablet=\u00a0\u00bb63%\u00a0\u00bb width_phone=\u00a0\u00bb85.1%\u00a0\u00bb width_last_edited=\u00a0\u00bbon|tablet\u00a0\u00bb custom_margin=\u00a0\u00bb|auto||45px|false|false\u00a0\u00bb custom_padding=\u00a0\u00bb|0px||||\u00a0\u00bb global_colors_info=\u00a0\u00bb{}\u00a0\u00bb][et_pb_column type=\u00a0\u00bb1_2&Prime; _builder_version=\u00a0\u00bb4.23.1&Prime; _module_preset=\u00a0\u00bbdefault\u00a0\u00bb vertical_offset=\u00a0\u00bb-18px\u00a0\u00bb horizontal_offset=\u00a0\u00bb-5px\u00a0\u00bb custom_padding=\u00a0\u00bb|||0px|false|false\u00a0\u00bb global_colors_info=\u00a0\u00bb{}\u00a0\u00bb][et_pb_text _builder_version=\u00a0\u00bb4.23.1&Prime; _module_preset=\u00a0\u00bbdefault\u00a0\u00bb global_colors_info=\u00a0\u00bb{}\u00a0\u00bb]<h1><strong><span style=\"color: #ffffff;\">MAISON \u00c0 VENDRE<\/span><\/strong><\/h1>[\/et_pb_text][et_pb_text _builder_version=\u00a0\u00bb4.23.1&Prime; _module_preset=\u00a0\u00bbdefault\u00a0\u00bb width=\u00a0\u00bb100%\u00a0\u00bb max_width=\u00a0\u00bb100%\u00a0\u00bb min_height=\u00a0\u00bb627.4px\u00a0\u00bb custom_margin=\u00a0\u00bb|-198px|-8px|2px|false|false\u00a0\u00bb custom_padding=\u00a0\u00bb|4px|0px|1px||\u00a0\u00bb global_colors_info=\u00a0\u00bb{}\u00a0\u00bb]<p class=\"p1\" style=\"text-align: justify;\"><span style=\"color: #ffffff;\"><span style=\"font-size: 22px;\"><strong>SARDAIGNE <\/strong><\/span><span style=\"font-size: 14px;\">&#8211; <\/span>au centre de Ussana (prov. SU), village situ\u00e9 \u00e0 20 km de la mer (Poetto) &#8211; l\u2019Etude du g\u00e9om\u00e8tre PILI propose, \u00e0 la vente, une villa sur un terrain de plus de 700 m\u00b2.<\/span><\/p>\n<p class=\"p1\" style=\"text-align: justify;\"><span style=\"color: #ffffff;\">L&rsquo;immeuble r\u00e9sidentiel est situ\u00e9 au centre du terrain, avec une entr\u00e9e sur une petite place entre Via Cagliari et Via Matteotti.<\/span><\/p>\n<p class=\"p1\" style=\"text-align: justify;\"><span style=\"color: #ffffff;\">Il se compose de 2 \u00e9tages, avec un logement au rez-de-chauss\u00e9e et un logement comprenant le premier et le deuxi\u00e8me \u00e9tage.<\/span><\/p>\n<p class=\"p1\" style=\"text-align: justify;\"><span style=\"color: #ffffff;\">Les deux unit\u00e9s sont compos\u00e9es de pi\u00e8ces spacieuses.<\/span><\/p>\n<p class=\"p1\" style=\"text-align: justify;\"><span style=\"color: #ffffff;\">Le logement du rez-de-chauss\u00e9e (110 m\u00b2) se compose d&rsquo;un hall d&rsquo;entr\u00e9e, d&rsquo;un salon, d&rsquo;une cuisine, d&rsquo;une kitchenette, d&rsquo;une salle de bains, de deux grandes chambres et d&rsquo;un d\u00e9barras de pr\u00e8s de 9 m\u00b2.<\/span><\/p>\n<p class=\"p1\" style=\"text-align: justify;\"><span style=\"color: #ffffff;\">L\u2019\u00e9tage sup\u00e9rieur (230 m\u00b2), auquel on acc\u00e8de par des escaliers ext\u00e9rieurs, situ\u00e9s de part et d&rsquo;autre de la parcelle, comprend au premier \u00e9tage : un g\u00e9n\u00e9reux salon\/salle \u00e0 manger de 45 m\u00b2 avec deux balcons et une v\u00e9randa attenante, une cuisine, une salle de bains, un d\u00e9barras et une chambre \u00e0 coucher.<\/span><\/p>\n<p class=\"p1\" style=\"text-align: justify;\"><span style=\"color: #ffffff;\">Un escalier interne m\u00e8ne au deuxi\u00e8me \u00e9tage, compos\u00e9 d&rsquo;une salle de bains avec d\u00e9barras, de deux chambres mansard\u00e9es et d&rsquo;une grande terrasse de plus de 30 m\u00b2.<\/span><\/p>\n<p class=\"p1\" style=\"text-align: justify;\"><span style=\"color: #ffffff;\">Le lot comprend \u00e9galement un b\u00e2timent annexe \u00e0 l&rsquo;unit\u00e9 de propri\u00e9t\u00e9 au premier \u00e9tage, compos\u00e9 d&rsquo;une cave en demi-sous-sol, d&rsquo;une toilette, d&rsquo;un local avec chaudi\u00e8re, de deux garages (tous deux de plus de 20 m\u00e8tres carr\u00e9s), dont l&rsquo;un est \u00e9quip\u00e9 d&rsquo;un four typique sarde.<\/span><\/p>\n<p class=\"p1\" style=\"text-align: justify;\"><span style=\"color: #ffffff;\">Le b\u00e2timent annexe donne sur une cour de plus de 80 m2 accessible par un portail qui donne sur la Via Matteotti. De l\u00e0, il est possible d&rsquo;acc\u00e9der aux unit\u00e9s r\u00e9sidentielles en utilisant les passerelles du terrain, qui traversent des zones vertes et\/ou des zones d\u00e9di\u00e9es \u00e0 la culture.<\/span><\/p>\n<p class=\"p1\" style=\"text-align: justify;\"><span style=\"color: #ffffff;\">Il est \u00e0 noter que le terrain a encore un grand potentiel de construction.<\/span><\/p>\n<p class=\"p1\" style=\"text-align: justify;\"><span style=\"font-size: small; color: #ffffff;\">Prix: 330.000 \u20ac<\/span><span style=\"color: #ffffff;\"><\/span><span style=\"font-size: small; color: #ffffff;\"><\/span><\/p>\n<p class=\"p3\" style=\"text-align: justify;\"><span style=\"color: #ffffff;\"><\/span><\/p>[\/et_pb_text][et_pb_text _builder_version=\u00a0\u00bb4.23.1&Prime; _module_preset=\u00a0\u00bbdefault\u00a0\u00bb text_line_height=\u00a0\u00bb1em\u00a0\u00bb custom_margin=\u00a0\u00bb1px||10px||false|false\u00a0\u00bb global_colors_info=\u00a0\u00bb{}\u00a0\u00bb]<p><span style=\"color: #ffffff;\">Pour plus d&rsquo;informations, veuillez contacter le num\u00e9ro:<\/span><\/p>[\/et_pb_text][et_pb_text _builder_version=\u00a0\u00bb4.23.1&Prime; _module_preset=\u00a0\u00bbdefault\u00a0\u00bb min_height=\u00a0\u00bb8.8px\u00a0\u00bb custom_margin=\u00a0\u00bb-10px||10px||false|false\u00a0\u00bb custom_padding=\u00a0\u00bb1px||1px|||\u00a0\u00bb global_colors_info=\u00a0\u00bb{}\u00a0\u00bb]<p><span style=\"color: #ffffff;\">STUDIO TECNICO PILI<\/span><\/p>[\/et_pb_text][et_pb_text _builder_version=\u00a0\u00bb4.23.1&Prime; _module_preset=\u00a0\u00bbdefault\u00a0\u00bb custom_margin=\u00a0\u00bb-16px||10px||false|false\u00a0\u00bb custom_padding=\u00a0\u00bb0px|||||\u00a0\u00bb global_colors_info=\u00a0\u00bb{}\u00a0\u00bb]<p><span style=\"color: #ffffff;\">Via Iglesias, 13<\/span><\/p>[\/et_pb_text][et_pb_text _builder_version=\u00a0\u00bb4.23.1&Prime; _module_preset=\u00a0\u00bbdefault\u00a0\u00bb custom_margin=\u00a0\u00bb-13px||10px||false|false\u00a0\u00bb global_colors_info=\u00a0\u00bb{}\u00a0\u00bb]<p><span style=\"color: #ffffff;\">San Sperate (SU)<\/span><\/p>[\/et_pb_text][et_pb_text _builder_version=\u00a0\u00bb4.23.1&Prime; _module_preset=\u00a0\u00bbdefault\u00a0\u00bb custom_margin=\u00a0\u00bb-13px||10px||false|false\u00a0\u00bb global_colors_info=\u00a0\u00bb{}\u00a0\u00bb]<p><span style=\"color: #ffffff;\">Tel (00 39) 388 628 40 06 \/ (00 <span lang=\"FR\">39) 389 617<\/span><span lang=\"FR\"> 81 25<\/span><\/span><\/p>[\/et_pb_text][et_pb_text _builder_version=\u00a0\u00bb4.23.1&Prime; _module_preset=\u00a0\u00bbdefault\u00a0\u00bb custom_margin=\u00a0\u00bb-13px||10px||false|false\u00a0\u00bb global_colors_info=\u00a0\u00bb{}\u00a0\u00bb]<p><span style=\"color: #ffffff;\">(\u00e9galement sur Whatsapp) : (00 32) 477 96 16 71<\/span><\/p>[\/et_pb_text][et_pb_text _builder_version=\u00a0\u00bb4.23.1&Prime; _module_preset=\u00a0\u00bbdefault\u00a0\u00bb min_height=\u00a0\u00bb20.8px\u00a0\u00bb custom_margin=\u00a0\u00bb||-40px||false|false\u00a0\u00bb custom_padding=\u00a0\u00bb0px|||||\u00a0\u00bb global_colors_info=\u00a0\u00bb{}\u00a0\u00bb]<p style=\"text-align: justify;\"><span style=\"color: #ffffff; font-size: 14px;\">Autres photos de la maison sur demande<\/span><span style=\"color: #ffffff; font-size: 14px;\"><\/span><\/p>\n<p style=\"text-align: justify;\"><span style=\"color: #ffffff; font-size: 14px;\"><\/span><\/p>\n<p style=\"text-align: justify;\"><span style=\"color: #ffffff;\"><\/span><\/p>[\/et_pb_text][\/et_pb_column][et_pb_column type=\u00a0\u00bb1_2&Prime; _builder_version=\u00a0\u00bb4.23.1&Prime; _module_preset=\u00a0\u00bbdefault\u00a0\u00bb global_colors_info=\u00a0\u00bb{}\u00a0\u00bb][et_pb_image src=\u00a0\u00bbhttps:\/\/zonnedda-casula.it\/wp-content\/uploads\/2023\/12\/PHOTO-1-1.jpg\u00a0\u00bb title_text=\u00a0\u00bbPHOTO 1&Prime; _builder_version=\u00a0\u00bb4.23.1&Prime; _module_preset=\u00a0\u00bbdefault\u00a0\u00bb width=\u00a0\u00bb100%\u00a0\u00bb max_width=\u00a0\u00bb81%\u00a0\u00bb border_radii=\u00a0\u00bbon|14px|14px|14px|14px\u00a0\u00bb global_colors_info=\u00a0\u00bb{}\u00a0\u00bb][\/et_pb_image][\/et_pb_column][\/et_pb_row][\/et_pb_section][et_pb_section fb_built=\u00a0\u00bb1&Prime; admin_label=\u00a0\u00bbServices\u00a0\u00bb _builder_version=\u00a0\u00bb4.21.0&Prime; _module_preset=\u00a0\u00bbdefault\u00a0\u00bb custom_padding=\u00a0\u00bb||4px|||\u00a0\u00bb collapsed=\u00a0\u00bbon\u00a0\u00bb global_colors_info=\u00a0\u00bb{}\u00a0\u00bb][et_pb_row _builder_version=\u00a0\u00bb4.21.0&Prime; _module_preset=\u00a0\u00bbdefault\u00a0\u00bb max_width=\u00a0\u00bb800px\u00a0\u00bb global_colors_info=\u00a0\u00bb{}\u00a0\u00bb][et_pb_column type=\u00a0\u00bb4_4&Prime; _builder_version=\u00a0\u00bb4.21.0&Prime; _module_preset=\u00a0\u00bbdefault\u00a0\u00bb global_colors_info=\u00a0\u00bb{}\u00a0\u00bb][et_pb_text _builder_version=\u00a0\u00bb4.23.1&Prime; _module_preset=\u00a0\u00bb4b80864e-cc7e-4bbd-a93c-d7728f4c4e54&Prime; text_orientation=\u00a0\u00bbcenter\u00a0\u00bb global_colors_info=\u00a0\u00bb{}\u00a0\u00bb]<h2>Caract\u00e9ristiques<\/h2>[\/et_pb_text][\/et_pb_column][\/et_pb_row][et_pb_row column_structure=\u00a0\u00bb1_4,1_4,1_4,1_4&Prime; _builder_version=\u00a0\u00bb4.23.1&Prime; _module_preset=\u00a0\u00bbdefault\u00a0\u00bb custom_margin=\u00a0\u00bb|auto|33px|auto||\u00a0\u00bb global_colors_info=\u00a0\u00bb{}\u00a0\u00bb][et_pb_column type=\u00a0\u00bb1_4&Prime; _builder_version=\u00a0\u00bb4.21.0&Prime; _module_preset=\u00a0\u00bbdefault\u00a0\u00bb global_colors_info=\u00a0\u00bb{}\u00a0\u00bb][et_pb_image src=\u00a0\u00bbhttps:\/\/zonnedda-casula.it\/wp-content\/uploads\/2023\/12\/home-rental-10.png\u00a0\u00bb title_text=\u00a0\u00bbhome-rental-10&Prime; align=\u00a0\u00bbcenter\u00a0\u00bb _builder_version=\u00a0\u00bb4.23.1&Prime; _module_preset=\u00a0\u00bbdefault\u00a0\u00bb max_width=\u00a0\u00bb48px\u00a0\u00bb max_height=\u00a0\u00bb48px\u00a0\u00bb global_colors_info=\u00a0\u00bb{}\u00a0\u00bb][\/et_pb_image][et_pb_text _builder_version=\u00a0\u00bb4.23.1&Prime; _module_preset=\u00a0\u00bb68a1be05-40c6-4f91-92ed-40e4b96c27bf\u00a0\u00bb text_orientation=\u00a0\u00bbcenter\u00a0\u00bb global_colors_info=\u00a0\u00bb{}\u00a0\u00bb]<h4 style=\"font-weight: 400;\"><strong>Ussana (SU)<\/strong><\/h4>[\/et_pb_text][\/et_pb_column][et_pb_column type=\u00a0\u00bb1_4&Prime; _builder_version=\u00a0\u00bb4.21.0&Prime; _module_preset=\u00a0\u00bbdefault\u00a0\u00bb global_colors_info=\u00a0\u00bb{}\u00a0\u00bb][et_pb_image src=\u00a0\u00bbhttps:\/\/zonnedda-casula.it\/wp-content\/uploads\/2023\/12\/home-rental-09.png\u00a0\u00bb title_text=\u00a0\u00bbhome-rental-09&Prime; align=\u00a0\u00bbcenter\u00a0\u00bb _builder_version=\u00a0\u00bb4.23.1&Prime; _module_preset=\u00a0\u00bbdefault\u00a0\u00bb max_width=\u00a0\u00bb48px\u00a0\u00bb max_height=\u00a0\u00bb48px\u00a0\u00bb global_colors_info=\u00a0\u00bb{}\u00a0\u00bb][\/et_pb_image][et_pb_text _builder_version=\u00a0\u00bb4.23.1&Prime; _module_preset=\u00a0\u00bb68a1be05-40c6-4f91-92ed-40e4b96c27bf\u00a0\u00bb text_orientation=\u00a0\u00bbcenter\u00a0\u00bb global_colors_info=\u00a0\u00bb{}\u00a0\u00bb]<h6>340 M2<\/h6>[\/et_pb_text][\/et_pb_column][et_pb_column type=\u00a0\u00bb1_4&Prime; _builder_version=\u00a0\u00bb4.21.0&Prime; _module_preset=\u00a0\u00bbdefault\u00a0\u00bb global_colors_info=\u00a0\u00bb{}\u00a0\u00bb][et_pb_image src=\u00a0\u00bbhttps:\/\/zonnedda-casula.it\/wp-content\/uploads\/2023\/12\/home-rental-08.png\u00a0\u00bb title_text=\u00a0\u00bbhome-rental-08&Prime; align=\u00a0\u00bbcenter\u00a0\u00bb _builder_version=\u00a0\u00bb4.23.1&Prime; _module_preset=\u00a0\u00bbdefault\u00a0\u00bb max_width=\u00a0\u00bb48px\u00a0\u00bb max_height=\u00a0\u00bb48px\u00a0\u00bb global_colors_info=\u00a0\u00bb{}\u00a0\u00bb][\/et_pb_image][et_pb_text _builder_version=\u00a0\u00bb4.23.1&Prime; _module_preset=\u00a0\u00bb68a1be05-40c6-4f91-92ed-40e4b96c27bf\u00a0\u00bb text_orientation=\u00a0\u00bbcenter\u00a0\u00bb global_colors_info=\u00a0\u00bb{}\u00a0\u00bb]<h6>6 chambres<\/h6>[\/et_pb_text][\/et_pb_column][et_pb_column type=\u00a0\u00bb1_4&Prime; _builder_version=\u00a0\u00bb4.21.0&Prime; _module_preset=\u00a0\u00bbdefault\u00a0\u00bb global_colors_info=\u00a0\u00bb{}\u00a0\u00bb][et_pb_image src=\u00a0\u00bbhttps:\/\/zonnedda-casula.it\/wp-content\/uploads\/2023\/12\/home-rental-07.png\u00a0\u00bb title_text=\u00a0\u00bbhome-rental-07&Prime; align=\u00a0\u00bbcenter\u00a0\u00bb _builder_version=\u00a0\u00bb4.23.1&Prime; _module_preset=\u00a0\u00bbdefault\u00a0\u00bb max_width=\u00a0\u00bb48px\u00a0\u00bb max_height=\u00a0\u00bb48px\u00a0\u00bb global_colors_info=\u00a0\u00bb{}\u00a0\u00bb][\/et_pb_image][et_pb_text _builder_version=\u00a0\u00bb4.23.1&Prime; _module_preset=\u00a0\u00bb68a1be05-40c6-4f91-92ed-40e4b96c27bf\u00a0\u00bb text_orientation=\u00a0\u00bbcenter\u00a0\u00bb width=\u00a0\u00bb99.9%\u00a0\u00bb custom_padding=\u00a0\u00bb|0px||10px||\u00a0\u00bb global_colors_info=\u00a0\u00bb{}\u00a0\u00bb]<h6>2 salles de bains et 1 douche<\/h6>[\/et_pb_text][\/et_pb_column][\/et_pb_row][\/et_pb_section][et_pb_section fb_built=\u00a0\u00bb1&Prime; admin_label=\u00a0\u00bbGallery\u00a0\u00bb _builder_version=\u00a0\u00bb4.21.0&Prime; _module_preset=\u00a0\u00bbdefault\u00a0\u00bb collapsed=\u00a0\u00bbon\u00a0\u00bb global_colors_info=\u00a0\u00bb{}\u00a0\u00bb][et_pb_row column_structure=\u00a0\u00bb1_5,1_5,1_5,1_5,1_5&Prime; use_custom_gutter=\u00a0\u00bbon\u00a0\u00bb gutter_width=\u00a0\u00bb2&Prime; _builder_version=\u00a0\u00bb4.23.1&Prime; _module_preset=\u00a0\u00bbdefault\u00a0\u00bb width=\u00a0\u00bb94%\u00a0\u00bb width_tablet=\u00a0\u00bb80%\u00a0\u00bb width_phone=\u00a0\u00bb80%\u00a0\u00bb width_last_edited=\u00a0\u00bbon|desktop\u00a0\u00bb max_width=\u00a0\u00bbnone\u00a0\u00bb custom_padding=\u00a0\u00bb0px||0px||true|false\u00a0\u00bb global_colors_info=\u00a0\u00bb{}\u00a0\u00bb][et_pb_column type=\u00a0\u00bb1_5&Prime; _builder_version=\u00a0\u00bb4.21.0&Prime; _module_preset=\u00a0\u00bbdefault\u00a0\u00bb global_colors_info=\u00a0\u00bb{}\u00a0\u00bb][et_pb_image src=\u00a0\u00bbhttps:\/\/zonnedda-casula.it\/wp-content\/uploads\/2023\/12\/PHOTO-1-1.jpg\u00a0\u00bb title_text=\u00a0\u00bbPHOTO 1&Prime; show_in_lightbox=\u00a0\u00bbon\u00a0\u00bb use_overlay=\u00a0\u00bbon\u00a0\u00bb overlay_icon_color=\u00a0\u00bbgcid-3739f6af-6ec3-431f-9233-3cdc85f4270b\u00a0\u00bb align=\u00a0\u00bbcenter\u00a0\u00bb _builder_version=\u00a0\u00bb4.23.1&Prime; _module_preset=\u00a0\u00bbdefault\u00a0\u00bb border_radii=\u00a0\u00bbon|10px|10px|10px|10px\u00a0\u00bb global_colors_info=\u00a0\u00bb{%22gcid-3739f6af-6ec3-431f-9233-3cdc85f4270b%22:%91%22overlay_icon_color%22%93}\u00a0\u00bb][\/et_pb_image][\/et_pb_column][et_pb_column type=\u00a0\u00bb1_5&Prime; _builder_version=\u00a0\u00bb4.21.0&Prime; _module_preset=\u00a0\u00bbdefault\u00a0\u00bb global_colors_info=\u00a0\u00bb{}\u00a0\u00bb][et_pb_image src=\u00a0\u00bbhttps:\/\/zonnedda-casula.it\/wp-content\/uploads\/2023\/12\/PHOTO-5-1.jpg\u00a0\u00bb title_text=\u00a0\u00bbPHOTO 5&Prime; show_in_lightbox=\u00a0\u00bbon\u00a0\u00bb use_overlay=\u00a0\u00bbon\u00a0\u00bb overlay_icon_color=\u00a0\u00bbgcid-3739f6af-6ec3-431f-9233-3cdc85f4270b\u00a0\u00bb align=\u00a0\u00bbcenter\u00a0\u00bb _builder_version=\u00a0\u00bb4.23.1&Prime; _module_preset=\u00a0\u00bbdefault\u00a0\u00bb border_radii=\u00a0\u00bbon|10px|10px|10px|10px\u00a0\u00bb global_colors_info=\u00a0\u00bb{%22gcid-3739f6af-6ec3-431f-9233-3cdc85f4270b%22:%91%22overlay_icon_color%22%93}\u00a0\u00bb][\/et_pb_image][\/et_pb_column][et_pb_column type=\u00a0\u00bb1_5&Prime; _builder_version=\u00a0\u00bb4.21.0&Prime; _module_preset=\u00a0\u00bbdefault\u00a0\u00bb global_colors_info=\u00a0\u00bb{}\u00a0\u00bb][et_pb_image src=\u00a0\u00bbhttps:\/\/zonnedda-casula.it\/wp-content\/uploads\/2023\/12\/PHOTO-3-1.jpg\u00a0\u00bb title_text=\u00a0\u00bbPHOTO 3&Prime; show_in_lightbox=\u00a0\u00bbon\u00a0\u00bb use_overlay=\u00a0\u00bbon\u00a0\u00bb overlay_icon_color=\u00a0\u00bbgcid-3739f6af-6ec3-431f-9233-3cdc85f4270b\u00a0\u00bb align=\u00a0\u00bbcenter\u00a0\u00bb _builder_version=\u00a0\u00bb4.23.1&Prime; _module_preset=\u00a0\u00bbdefault\u00a0\u00bb border_radii=\u00a0\u00bbon|10px|10px|10px|10px\u00a0\u00bb global_colors_info=\u00a0\u00bb{%22gcid-3739f6af-6ec3-431f-9233-3cdc85f4270b%22:%91%22overlay_icon_color%22%93}\u00a0\u00bb][\/et_pb_image][\/et_pb_column][et_pb_column type=\u00a0\u00bb1_5&Prime; _builder_version=\u00a0\u00bb4.21.0&Prime; _module_preset=\u00a0\u00bbdefault\u00a0\u00bb global_colors_info=\u00a0\u00bb{}\u00a0\u00bb][et_pb_image src=\u00a0\u00bbhttps:\/\/zonnedda-casula.it\/wp-content\/uploads\/2023\/12\/PHOTO-4-1.jpg\u00a0\u00bb title_text=\u00a0\u00bbPHOTO 4&Prime; show_in_lightbox=\u00a0\u00bbon\u00a0\u00bb use_overlay=\u00a0\u00bbon\u00a0\u00bb overlay_icon_color=\u00a0\u00bbgcid-3739f6af-6ec3-431f-9233-3cdc85f4270b\u00a0\u00bb align=\u00a0\u00bbcenter\u00a0\u00bb _builder_version=\u00a0\u00bb4.23.1&Prime; _module_preset=\u00a0\u00bbdefault\u00a0\u00bb border_radii=\u00a0\u00bbon|10px|10px|10px|10px\u00a0\u00bb global_colors_info=\u00a0\u00bb{%22gcid-3739f6af-6ec3-431f-9233-3cdc85f4270b%22:%91%22overlay_icon_color%22%93}\u00a0\u00bb][\/et_pb_image][\/et_pb_column][et_pb_column type=\u00a0\u00bb1_5&Prime; _builder_version=\u00a0\u00bb4.21.0&Prime; _module_preset=\u00a0\u00bbdefault\u00a0\u00bb global_colors_info=\u00a0\u00bb{}\u00a0\u00bb][et_pb_image src=\u00a0\u00bbhttps:\/\/zonnedda-casula.it\/wp-content\/uploads\/2023\/12\/PHOTO-2-1.jpg\u00a0\u00bb title_text=\u00a0\u00bbPHOTO 2&Prime; show_in_lightbox=\u00a0\u00bbon\u00a0\u00bb use_overlay=\u00a0\u00bbon\u00a0\u00bb overlay_icon_color=\u00a0\u00bbgcid-3739f6af-6ec3-431f-9233-3cdc85f4270b\u00a0\u00bb align=\u00a0\u00bbcenter\u00a0\u00bb _builder_version=\u00a0\u00bb4.23.1&Prime; _module_preset=\u00a0\u00bbdefault\u00a0\u00bb border_radii=\u00a0\u00bbon|10px|10px|10px|10px\u00a0\u00bb global_colors_info=\u00a0\u00bb{%22gcid-3739f6af-6ec3-431f-9233-3cdc85f4270b%22:%91%22overlay_icon_color%22%93}\u00a0\u00bb][\/et_pb_image][\/et_pb_column][\/et_pb_row][\/et_pb_section][et_pb_section fb_built=\u00a0\u00bb1&Prime; admin_label=\u00a0\u00bbFooter\u00a0\u00bb _builder_version=\u00a0\u00bb4.21.0&Prime; _module_preset=\u00a0\u00bbdefault\u00a0\u00bb background_color=\u00a0\u00bbgcid-5aa9ce6a-8a5e-4347-973a-c6b91f603234&Prime; saved_tabs=\u00a0\u00bball\u00a0\u00bb collapsed=\u00a0\u00bbon\u00a0\u00bb global_colors_info=\u00a0\u00bb{%22gcid-5aa9ce6a-8a5e-4347-973a-c6b91f603234%22:%91%22background_color%22%93}\u00a0\u00bb][et_pb_row _builder_version=\u00a0\u00bb4.21.0&Prime; _module_preset=\u00a0\u00bbdefault\u00a0\u00bb global_colors_info=\u00a0\u00bb{}\u00a0\u00bb][et_pb_column type=\u00a0\u00bb4_4&Prime; _builder_version=\u00a0\u00bb4.21.0&Prime; _module_preset=\u00a0\u00bbdefault\u00a0\u00bb global_colors_info=\u00a0\u00bb{}\u00a0\u00bb][et_pb_text _builder_version=\u00a0\u00bb4.23.1&Prime; _module_preset=\u00a0\u00bb4b80864e-cc7e-4bbd-a93c-d7728f4c4e54&Prime; header_2_text_color=\u00a0\u00bb#FFFFFF\u00a0\u00bb text_orientation=\u00a0\u00bbcenter\u00a0\u00bb global_colors_info=\u00a0\u00bb{}\u00a0\u00bb]<h2>Adresse<\/h2>[\/et_pb_text][et_pb_text _builder_version=\u00a0\u00bb4.23.1&Prime; _module_preset=\u00a0\u00bb568985dd-0e00-4681-bc8e-9f033c15c7fb\u00a0\u00bb text_text_color=\u00a0\u00bb#FFFFFF\u00a0\u00bb text_orientation=\u00a0\u00bbcenter\u00a0\u00bb global_colors_info=\u00a0\u00bb{}\u00a0\u00bb]<p>Ussana (SU)<\/p>[\/et_pb_text][\/et_pb_column][\/et_pb_row][et_pb_row column_structure=\u00a0\u00bb1_2,1_2&Prime; _builder_version=\u00a0\u00bb4.21.0&Prime; _module_preset=\u00a0\u00bbdefault\u00a0\u00bb global_colors_info=\u00a0\u00bb{}\u00a0\u00bb][et_pb_column type=\u00a0\u00bb1_2&Prime; _builder_version=\u00a0\u00bb4.21.0&Prime; _module_preset=\u00a0\u00bbdefault\u00a0\u00bb global_colors_info=\u00a0\u00bb{}\u00a0\u00bb][et_pb_text _builder_version=\u00a0\u00bb4.23.1&Prime; _module_preset=\u00a0\u00bbc70a674e-0ce6-4349-9934-672a5826fc78&Prime; link_text_color=\u00a0\u00bb#FFFFFF\u00a0\u00bb header_5_text_color=\u00a0\u00bb#FFFFFF\u00a0\u00bb text_orientation=\u00a0\u00bbcenter\u00a0\u00bb global_colors_info=\u00a0\u00bb{}\u00a0\u00bb]<h5>T\u00e9l\u00e9phone<\/h5>[\/et_pb_text][et_pb_text _builder_version=\u00a0\u00bb4.23.1&Prime; _module_preset=\u00a0\u00bbc70a674e-0ce6-4349-9934-672a5826fc78&Prime; link_text_color=\u00a0\u00bb#FFFFFF\u00a0\u00bb header_5_text_color=\u00a0\u00bb#FFFFFF\u00a0\u00bb text_orientation=\u00a0\u00bbcenter\u00a0\u00bb global_colors_info=\u00a0\u00bb{}\u00a0\u00bb]<h5>(00 39) 388 628 40 06<\/h5>\n<h5>(00 39) 389 617 81 25<\/h5>[\/et_pb_text][\/et_pb_column][et_pb_column type=\u00a0\u00bb1_2&Prime; _builder_version=\u00a0\u00bb4.21.0&Prime; _module_preset=\u00a0\u00bbdefault\u00a0\u00bb global_colors_info=\u00a0\u00bb{}\u00a0\u00bb][et_pb_text _builder_version=\u00a0\u00bb4.23.1&Prime; _module_preset=\u00a0\u00bbc70a674e-0ce6-4349-9934-672a5826fc78&Prime; link_text_color=\u00a0\u00bb#FFFFFF\u00a0\u00bb header_5_text_color=\u00a0\u00bb#FFFFFF\u00a0\u00bb text_orientation=\u00a0\u00bbcenter\u00a0\u00bb global_colors_info=\u00a0\u00bb{}\u00a0\u00bb]<h5>Whatsapp<\/h5>[\/et_pb_text][et_pb_text _builder_version=\u00a0\u00bb4.23.1&Prime; _module_preset=\u00a0\u00bbc70a674e-0ce6-4349-9934-672a5826fc78&Prime; link_text_color=\u00a0\u00bb#FFFFFF\u00a0\u00bb header_5_text_color=\u00a0\u00bb#FFFFFF\u00a0\u00bb text_orientation=\u00a0\u00bbcenter\u00a0\u00bb global_colors_info=\u00a0\u00bb{}\u00a0\u00bb]<h5><span>(00 32) 477 96 16 71<\/span><\/h5>[\/et_pb_text][\/et_pb_column][\/et_pb_row][\/et_pb_section]\n","protected":false},"excerpt":{"rendered":"<p>MAISON \u00c0 VENDRESARDAIGNE &#8211; au centre de Ussana (prov. SU), village situ\u00e9 \u00e0 20 km de la mer (Poetto) &#8211; l\u2019Etude du g\u00e9om\u00e8tre PILI propose, \u00e0 la vente, une villa sur un terrain de plus de 700 m\u00b2. L&rsquo;immeuble r\u00e9sidentiel est situ\u00e9 au centre du terrain, avec une entr\u00e9e sur une petite place entre Via [&hellip;]<\/p>\n","protected":false},"author":1,"featured_media":0,"parent":0,"menu_order":0,"comment_status":"closed","ping_status":"closed","template":"","meta":{"_et_pb_use_builder":"on","_et_pb_old_content":"","_et_gb_content_width":"","footnotes":""},"_links":{"self":[{"href":"https:\/\/zonnedda-casula.it\/index.php?rest_route=\/wp\/v2\/pages\/84"}],"collection":[{"href":"https:\/\/zonnedda-casula.it\/index.php?rest_route=\/wp\/v2\/pages"}],"about":[{"href":"https:\/\/zonnedda-casula.it\/index.php?rest_route=\/wp\/v2\/types\/page"}],"author":[{"embeddable":true,"href":"https:\/\/zonnedda-casula.it\/index.php?rest_route=\/wp\/v2\/users\/1"}],"replies":[{"embeddable":true,"href":"https:\/\/zonnedda-casula.it\/index.php?rest_route=%2Fwp%2Fv2%2Fcomments&post=84"}],"version-history":[{"count":31,"href":"https:\/\/zonnedda-casula.it\/index.php?rest_route=\/wp\/v2\/pages\/84\/revisions"}],"predecessor-version":[{"id":156,"href":"https:\/\/zonnedda-casula.it\/index.php?rest_route=\/wp\/v2\/pages\/84\/revisions\/156"}],"wp:attachment":[{"href":"https:\/\/zonnedda-casula.it\/index.php?rest_route=%2Fwp%2Fv2%2Fmedia&parent=84"}],"curies":[{"name":"wp","href":"https:\/\/api.w.org\/{rel}","templated":true}]}}